{"id":536,"date":"2018-06-21T10:21:50","date_gmt":"2018-06-21T10:21:50","guid":{"rendered":"http:\/\/localhost:8888\/tdc\/?page_id=536"},"modified":"2018-09-07T09:41:03","modified_gmt":"2018-09-07T09:41:03","slug":"privacy-policy","status":"publish","type":"page","link":"https:\/\/vntdc.com.vn\/vi\/privacy-policy\/","title":{"rendered":"Th\u00f4ng tin b\u1ea3o m\u1eadt"},"content":{"rendered":"<p>CH\u00cdNH S\u00c1CH B\u1ea2O M\u1eacT TRANG WEB. T\u1ed5ng c\u00f4ng ty thi\u1ebft k\u1ebf v\u00e0 x\u00e2y d\u1ef1ng Vi\u1ec7t Nam th\u00f4ng qua vi\u1ec7c s\u1edf h\u1eefu website n\u00e0y \u0111\u01b0\u1ee3c quy\u1ec1n s\u1eed d\u1ee5ng to\u00e0n b\u1ed9 c\u00e1c th\u00f4ng tin c\u00e1 nh\u00e2n thu th\u1eadp \u0111\u01b0\u1ee3c t\u1eeb ng\u01b0\u1eddi d\u00f9ng. Vi\u1ec7c s\u1eed d\u1ee5ng c\u00e1c th\u00f4ng tin c\u00e1 nh\u00e2n n\u00e0y bao g\u1ed3m \u0111\u1ecba ch\u1ec9, t\u00ean, tu\u1ed5i, s\u1ed1 \u0111i\u1ec7n tho\u1ea1i, \u0111\u1ecba ch\u1ec9 email..v.v. c\u1ee7a ng\u01b0\u1eddi d\u00f9ng.<br \/>\nV\u1ec1 vi\u1ec7c l\u01b0u tr\u1eef th\u00f4ng tin, ch\u00fang t\u00f4i cam k\u1ebft s\u1eed d\u1ee5ng h\u1ec7 th\u1ed1ng b\u1ea3o m\u1eadt th\u00f4ng tin ch\u1eb7t ch\u1ebd \u0111\u1ec3 \u0111\u1ea3m b\u1ea3o th\u00f4ng tin c\u00e1 nh\u00e2n kh\u00f4ng b\u1ecb r\u00f2 r\u1ec9 cho b\u00ean th\u1ee9 3.<br \/>\nM\u1ee5c \u0111\u00edch s\u1eed d\u1ee5ng th\u00f4ng tin: ch\u00fang t\u00f4i s\u1eed d\u1ee5ng th\u00f4ng tin c\u00e1 nh\u00e2n v\u00e0 l\u1ecbch s\u1eed cho c\u00e1c m\u1ee5c \u0111\u00edch sau \u0111\u00e2y. Khi s\u1eed d\u1ee5ng th\u00f4ng tin c\u00e1 nh\u00e2n v\u00e0 l\u1ecbch s\u1eed c\u00e1 nh\u00e2n cho c\u00e1c m\u1ee5c \u0111\u00edch kh\u00e1c ngo\u00e0i c\u00e1c m\u1ee5c \u0111\u00edch sau, ch\u00fang t\u00f4i s\u1ebd gi\u1ea3i th\u00edch l\u00ed do v\u00e0 xin ph\u00e9p s\u1ef1 ch\u1ea5p thu\u1eadn t\u1eeb ng\u01b0\u1eddi d\u00f9ng.<br \/>\nM\u1ee5c \u0111\u00edch th\u00f4ng b\u00e1o cho ng\u01b0\u1eddi d\u00f9ng th\u00f4ng tin v\u1ec1 c\u00e1c d\u1ecbch v\u1ee5 \u0111\u1eb7c bi\u1ec7t ho\u1eb7c \u0111\u1ec3 li\u00ean l\u1ea1c v\u1edbi ng\u01b0\u1eddi d\u00f9ng khi c\u1ea7n thi\u1ebft<br \/>\nTi\u1ebft l\u1ed9 th\u00f4ng tin: Ngo\u1ea1i tr\u1eeb c\u00e1c tr\u01b0\u1eddng h\u1ee3p b\u00ean d\u01b0\u1edbi, ch\u00fang t\u00f4i s\u1ebd kh\u00f4ng ti\u1ebft l\u1ed9 th\u00f4ng tin c\u00e1 nh\u00e2n v\u00e0 l\u1ecbch s\u1eed cho b\u00ean th\u1ee9 ba m\u00e0 kh\u00f4ng c\u00f3 s\u1ef1 \u0111\u1ed3ng \u00fd c\u1ee7a ng\u01b0\u1eddi d\u00f9ng. (kh\u00f4ng bao g\u1ed3m c\u00e1c t\u00e0i li\u1ec7u th\u1ed1ng k\u00ea kh\u00f4ng th\u1ec3 x\u00e1c \u0111\u1ecbnh th\u00f4ng tin c\u00e1 nh\u00e2n).<br \/>\nTr\u01b0\u1eddng h\u1ee3p c\u00f3 s\u1ef1 \u0111\u1ed3ng \u00fd c\u1ee7a ng\u01b0\u1eddi d\u00f9ng v\u1ec1 vi\u1ec7c ti\u1ebft l\u1ed9 th\u00f4ng tin, tr\u01b0\u1eddng h\u1ee3p nh\u1eadn \u0111\u01b0\u1ee3c y\u00eau c\u1ea7u ch\u00ednh th\u1ee9c t\u1eeb c\u00e1c c\u01a1 quan ph\u00e1p lu\u1eadt nh\u01b0 c\u00f4ng an hay to\u00e0 \u00e1n, c\u00e1c h\u00e0nh \u0111\u1ed9ng c\u1ee7a ng\u01b0\u1eddi d\u00f9ng tr\u00ean website tr\u00e1i v\u1edbi \u0111i\u1ec1u kho\u1ea3n d\u1ecbch v\u1ee5 c\u1ee7a c\u00f4ng ty ch\u00fang t\u00f4i c\u00f3 kh\u1ea3 n\u0103ng \u1ea3nh h\u01b0\u1edfng \u0111\u1ebfn t\u00e0i s\u1ea3n v\u00e0 quy\u1ec1n l\u1ee3i c\u1ee7a c\u00f4ng ty ch\u00fang t\u00f4i.<br \/>\nV\u1ec1 vi\u1ec7c thay \u0111\u1ed5i ch\u00ednh s\u00e1ch b\u1ea3o m\u1eadt: Ch\u00fang t\u00f4i s\u1ebd th\u00f4ng b\u00e1o cho b\u1ea1n tr\u00ean trang web n\u00e0y n\u1ebfu c\u00f3 nh\u1eefng thay \u0111\u1ed5i quan tr\u1ecdng trong ch\u00ednh s\u00e1ch b\u1ea3o m\u1eadt. V\u1ec1 nh\u1eefng \u0111i\u1ec3m thay \u0111\u1ed5i kh\u00e1c, ch\u00fang t\u00f4i khuy\u1ebfn kh\u00edch b\u1ea1n t\u1ef1 x\u00e1c nh\u1eadn tr\u00ean web n\u00e0y. Ch\u00fang t\u00f4i s\u1ebd kh\u00f4ng ch\u1ecbu tr\u00e1ch nhi\u1ec7m n\u1ebfu c\u00f3 v\u1ea5n \u0111\u1ec1 n\u00e0o x\u1ea3y ra m\u00e0 nguy\u00ean nh\u00e2n \u0111\u1ebfn t\u1eeb vi\u1ec7c b\u1ea1n \u0111\u00e3 kh\u00f4ng x\u00e1c nh\u1eadn th\u00f4ng tin tr\u00ean web.<\/p>","protected":false},"excerpt":{"rendered":"<p>CH\u00cdNH S\u00c1CH B\u1ea2O M\u1eacT TRANG WEB. T\u1ed5ng c\u00f4ng ty thi\u1ebft k\u1ebf v\u00e0 x\u00e2y d\u1ef1ng Vi\u1ec7t Nam th\u00f4ng qua vi\u1ec7c s\u1edf h\u1eefu website n\u00e0y \u0111\u01b0\u1ee3c quy\u1ec1n s\u1eed d\u1ee5ng to\u00e0n b\u1ed9 c\u00e1c th\u00f4ng tin c\u00e1 nh\u00e2n thu th\u1eadp \u0111\u01b0\u1ee3c t\u1eeb ng\u01b0\u1eddi d\u00f9ng. Vi\u1ec7c s\u1eed d\u1ee5ng c\u00e1c th\u00f4ng tin c\u00e1 nh\u00e2n n\u00e0y bao g\u1ed3m \u0111\u1ecba ch\u1ec9, t\u00ean, tu\u1ed5i, &hellip; <a href=\"https:\/\/vntdc.com.vn\/vi\/privacy-policy\/\" class=\"more-link\">\u0110\u1ecdc ti\u1ebfp <span class=\"screen-reader-text\">Th\u00f4ng tin b\u1ea3o m\u1eadt<\/span><\/a><\/p>\n","protected":false},"author":1,"featured_media":0,"parent":0,"menu_order":0,"comment_status":"closed","ping_status":"closed","template":"","meta":{"footnotes":""},"class_list":["post-536","page","type-page","status-publish","hentry"],"yoast_head":"<!-- This site is optimized with the Yoast SEO Premium plugin v15.6.2 - https:\/\/yoast.com\/wordpress\/plugins\/seo\/ -->\n<title>Th\u00f4ng tin b\u1ea3o m\u1eadt - C\u00f4ng Ty Tnhh Thi\u1ebft K\u1ebf &amp; X\u00e2y D\u1ef1ng To\u00e0n Di\u1ec7n Vi\u1ec7t Nam<\/title>\n<meta name=\"description\" content=\"\u30d9\u30c8\u30ca\u30e0\u306e\u30db\u30fc\u30c1\u30df\u30f3\u306b\u62e0\u70b9\u3092\u304a\u304f\u7dcf\u5408\u5efa\u8a2d\u4f1a\u793eTDC\u306f100\uff05\u30d9\u30c8\u30ca\u30e0\u8cc7\u672c\u3002\u30d9\u30c8\u30ca\u30e0\u5168\u571f\u3067\u3001\u591a\u304f\u306e\u5de5\u5834\u5efa\u8a2d\u30fb\u5185\u88c5\u5de5\u4e8b\u30fb\u30aa\u30d5\u30a3\u30b9\u30fb\u30ec\u30b9\u30c8\u30e9\u30f3\u306e\u65bd\u5de5\u5b9f\u7e3e\u304c\u3042\u308a\u307e\u3059\u3002\u65e5\u672c\u4eba\u6280\u8853\u8005\u76e3\u4fee\u306e\u3082\u3068\u3001\u65e5\u672c\u54c1\u8cea\u306e\u30b5\u30fc\u30d3\u30b9\u3092\u30d9\u30c8\u30ca\u30e0\u4fa1\u683c\u3067\u3054\u63d0\u4f9b\u3044\u305f\u3057\u307e\u3059\u3002\u898b\u7a4d\u3082\u308a\u3001\u5efa\u7bc9\u3001\u5404\u7a2e\u76f8\u8ac7\u306f\u7121\u6599\u3067\u3059\u306e\u3067\u3001\u30d9\u30c8\u30ca\u30e0\u9032\u51fa\u3092\u691c\u8a0e\u3057\u3066\u3044\u308b\u65b9\u306f\u304a\u6c17\u8efd\u306b\u3054\u76f8\u8ac7\u304f\u3060\u3055\u3044\u3002\" \/>\n<meta name=\"robots\" content=\"index, follow, max-snippet:-1, max-image-preview:large, max-video-preview:-1\" \/>\n<link rel=\"canonical\" href=\"https:\/\/vntdc.com.vn\/privacy-policy\/?lang=en\" \/>\n<meta property=\"og:locale\" content=\"vi_VN\" \/>\n<meta property=\"og:type\" content=\"article\" \/>\n<meta property=\"og:title\" content=\"Th\u00f4ng tin b\u1ea3o m\u1eadt - C\u00f4ng Ty Tnhh Thi\u1ebft K\u1ebf &amp; X\u00e2y D\u1ef1ng To\u00e0n Di\u1ec7n Vi\u1ec7t Nam\" \/>\n<meta property=\"og:description\" content=\"\u30d9\u30c8\u30ca\u30e0\u306e\u30db\u30fc\u30c1\u30df\u30f3\u306b\u62e0\u70b9\u3092\u304a\u304f\u7dcf\u5408\u5efa\u8a2d\u4f1a\u793eTDC\u306f100\uff05\u30d9\u30c8\u30ca\u30e0\u8cc7\u672c\u3002\u30d9\u30c8\u30ca\u30e0\u5168\u571f\u3067\u3001\u591a\u304f\u306e\u5de5\u5834\u5efa\u8a2d\u30fb\u5185\u88c5\u5de5\u4e8b\u30fb\u30aa\u30d5\u30a3\u30b9\u30fb\u30ec\u30b9\u30c8\u30e9\u30f3\u306e\u65bd\u5de5\u5b9f\u7e3e\u304c\u3042\u308a\u307e\u3059\u3002\u65e5\u672c\u4eba\u6280\u8853\u8005\u76e3\u4fee\u306e\u3082\u3068\u3001\u65e5\u672c\u54c1\u8cea\u306e\u30b5\u30fc\u30d3\u30b9\u3092\u30d9\u30c8\u30ca\u30e0\u4fa1\u683c\u3067\u3054\u63d0\u4f9b\u3044\u305f\u3057\u307e\u3059\u3002\u898b\u7a4d\u3082\u308a\u3001\u5efa\u7bc9\u3001\u5404\u7a2e\u76f8\u8ac7\u306f\u7121\u6599\u3067\u3059\u306e\u3067\u3001\u30d9\u30c8\u30ca\u30e0\u9032\u51fa\u3092\u691c\u8a0e\u3057\u3066\u3044\u308b\u65b9\u306f\u304a\u6c17\u8efd\u306b\u3054\u76f8\u8ac7\u304f\u3060\u3055\u3044\u3002\" \/>\n<meta property=\"og:url\" content=\"https:\/\/vntdc.com.vn\/privacy-policy\/?lang=en\" \/>\n<meta property=\"og:site_name\" content=\"C\u00f4ng Ty Tnhh Thi\u1ebft K\u1ebf &amp; X\u00e2y D\u1ef1ng To\u00e0n Di\u1ec7n Vi\u1ec7t Nam\" \/>\n<meta property=\"article:modified_time\" content=\"2018-09-07T09:41:03+00:00\" \/>\n<meta name=\"twitter:card\" content=\"summary_large_image\" \/>\n<meta name=\"twitter:label1\" content=\"\u01af\u1edbc t\u00ednh th\u1eddi gian \u0111\u1ecdc\">\n\t<meta name=\"twitter:data1\" content=\"5 ph\u00fat\">\n<script type=\"application\/ld+json\" class=\"yoast-schema-graph\">{\"@context\":\"https:\/\/schema.org\",\"@graph\":[{\"@type\":\"WebSite\",\"@id\":\"https:\/\/vntdc.com.vn\/#website\",\"url\":\"https:\/\/vntdc.com.vn\/\",\"name\":\"C\\u00f4ng Ty Tnhh Thi\\u1ebft K\\u1ebf &amp; X\\u00e2y D\\u1ef1ng To\\u00e0n Di\\u1ec7n Vi\\u1ec7t Nam\",\"description\":\"\\u30d9\\u30c8\\u30ca\\u30e0\\u306b\\u62e0\\u70b9\\u3092\\u304a\\u304f\\u7dcf\\u5408\\u5efa\\u8a2d\\u4f1a\\u793eTDC.\\u5f0a\\u793e\\u306f100\\uff05\\u30d9\\u30c8\\u30ca\\u30e0\\u8cc7\\u672c\\u3002\\u73fe\\u5730\\u4f01\\u696d\\u306e\\u5f37\\u307f\\u3092\\u751f\\u304b\\u3057\\u3001\\u65e5\\u672c\\u54c1\\u8cea\\u306e\\u30b5\\u30fc\\u30d3\\u30b9\\u3092\\u30d9\\u30c8\\u30ca\\u30e0\\u4fa1\\u683c\\u3067\\u3054\\u63d0\\u4f9b\\u3044\\u305f\\u3057\\u307e\\u3059\\u3002\",\"potentialAction\":[{\"@type\":\"SearchAction\",\"target\":\"https:\/\/vntdc.com.vn\/?s={search_term_string}\",\"query-input\":\"required name=search_term_string\"}],\"inLanguage\":\"vi\"},{\"@type\":\"WebPage\",\"@id\":\"https:\/\/vntdc.com.vn\/privacy-policy\/?lang=en#webpage\",\"url\":\"https:\/\/vntdc.com.vn\/privacy-policy\/?lang=en\",\"name\":\"Th\\u00f4ng tin b\\u1ea3o m\\u1eadt - C\\u00f4ng Ty Tnhh Thi\\u1ebft K\\u1ebf &amp; X\\u00e2y D\\u1ef1ng To\\u00e0n Di\\u1ec7n Vi\\u1ec7t Nam\",\"isPartOf\":{\"@id\":\"https:\/\/vntdc.com.vn\/#website\"},\"datePublished\":\"2018-06-21T10:21:50+00:00\",\"dateModified\":\"2018-09-07T09:41:03+00:00\",\"description\":\"\\u30d9\\u30c8\\u30ca\\u30e0\\u306e\\u30db\\u30fc\\u30c1\\u30df\\u30f3\\u306b\\u62e0\\u70b9\\u3092\\u304a\\u304f\\u7dcf\\u5408\\u5efa\\u8a2d\\u4f1a\\u793eTDC\\u306f100\\uff05\\u30d9\\u30c8\\u30ca\\u30e0\\u8cc7\\u672c\\u3002\\u30d9\\u30c8\\u30ca\\u30e0\\u5168\\u571f\\u3067\\u3001\\u591a\\u304f\\u306e\\u5de5\\u5834\\u5efa\\u8a2d\\u30fb\\u5185\\u88c5\\u5de5\\u4e8b\\u30fb\\u30aa\\u30d5\\u30a3\\u30b9\\u30fb\\u30ec\\u30b9\\u30c8\\u30e9\\u30f3\\u306e\\u65bd\\u5de5\\u5b9f\\u7e3e\\u304c\\u3042\\u308a\\u307e\\u3059\\u3002\\u65e5\\u672c\\u4eba\\u6280\\u8853\\u8005\\u76e3\\u4fee\\u306e\\u3082\\u3068\\u3001\\u65e5\\u672c\\u54c1\\u8cea\\u306e\\u30b5\\u30fc\\u30d3\\u30b9\\u3092\\u30d9\\u30c8\\u30ca\\u30e0\\u4fa1\\u683c\\u3067\\u3054\\u63d0\\u4f9b\\u3044\\u305f\\u3057\\u307e\\u3059\\u3002\\u898b\\u7a4d\\u3082\\u308a\\u3001\\u5efa\\u7bc9\\u3001\\u5404\\u7a2e\\u76f8\\u8ac7\\u306f\\u7121\\u6599\\u3067\\u3059\\u306e\\u3067\\u3001\\u30d9\\u30c8\\u30ca\\u30e0\\u9032\\u51fa\\u3092\\u691c\\u8a0e\\u3057\\u3066\\u3044\\u308b\\u65b9\\u306f\\u304a\\u6c17\\u8efd\\u306b\\u3054\\u76f8\\u8ac7\\u304f\\u3060\\u3055\\u3044\\u3002\",\"inLanguage\":\"vi\",\"potentialAction\":[{\"@type\":\"ReadAction\",\"target\":[\"https:\/\/vntdc.com.vn\/privacy-policy\/?lang=en\"]}]}]}<\/script>\n<!-- \/ Yoast SEO Premium plugin. -->","_links":{"self":[{"href":"https:\/\/vntdc.com.vn\/vi\/wp-json\/wp\/v2\/pages\/536","targetHints":{"allow":["GET"]}}],"collection":[{"href":"https:\/\/vntdc.com.vn\/vi\/wp-json\/wp\/v2\/pages"}],"about":[{"href":"https:\/\/vntdc.com.vn\/vi\/wp-json\/wp\/v2\/types\/page"}],"author":[{"embeddable":true,"href":"https:\/\/vntdc.com.vn\/vi\/wp-json\/wp\/v2\/users\/1"}],"replies":[{"embeddable":true,"href":"https:\/\/vntdc.com.vn\/vi\/wp-json\/wp\/v2\/comments?post=536"}],"version-history":[{"count":4,"href":"https:\/\/vntdc.com.vn\/vi\/wp-json\/wp\/v2\/pages\/536\/revisions"}],"predecessor-version":[{"id":691,"href":"https:\/\/vntdc.com.vn\/vi\/wp-json\/wp\/v2\/pages\/536\/revisions\/691"}],"wp:attachment":[{"href":"https:\/\/vntdc.com.vn\/vi\/wp-json\/wp\/v2\/media?parent=536"}],"curies":[{"name":"wp","href":"https:\/\/api.w.org\/{rel}","templated":true}]}}